{"id":37,"date":"2016-09-20T11:57:39","date_gmt":"2016-09-20T10:57:39","guid":{"rendered":"http:\/\/www.visavis-immobilien.de\/?page_id=37"},"modified":"2025-01-07T13:27:29","modified_gmt":"2025-01-07T12:27:29","slug":"willkommen","status":"publish","type":"page","link":"https:\/\/www.visavis-immobilien.de\/","title":{"rendered":"Herzlich Willkommen bei VIS \u00e0 VIS IMMOBILIEN"},"content":{"rendered":"<p>Guten Tag,<\/p>\n<p>Sie fragen sich, wer ist VIS \u00e0 VIS IMMOBILIEN?<\/p>\n<p>VIS \u00e0 VIS IMMOBILIEN ist ein seit 1993 in Stuhr t\u00e4tiges Familienunternehmen.<br \/>\nUnsere Arbeitsschwerpunkte sind Verkauf, Vermietung und Verwaltung von Wohnimmobilien.<\/p>\n<p>Wir sehen unsere Kunden als Partner und achten darauf, ausschlie\u00dflich Auftr\u00e4ge anzunehmen, die wir f\u00fcr realisierbar halten.<br \/>\nDer Weg zum erfolgreichen Verkauf einer Immobilie ist nicht immer leicht. Wir unterst\u00fctzen Sie dabei.<br \/>\nUnser Team erarbeitet mit unseren Kunden Strategien zum Verkauf oder zur Vermietung Ihrer Immobilie.<br \/>\nIhre Werte sind bei uns in guten H\u00e4nden. Vertrauen Sie Ihr Verm\u00f6gen einem erfolgreichen Team langj\u00e4hriger, erfolgreicher Immobilienmakler an.<\/p>\n<p>Statt Selbstdarstellung m\u00f6chten wir unsere Kunden durch Vertrauen und vor allem Fachkompetenz gewinnen.<br \/>\nDenn zufriedene Kunden sind f\u00fcr unser Immobilien-Unternehmen die beste Werbung.<\/p>\n","protected":false},"excerpt":{"rendered":"<p>Guten Tag, Sie fragen sich, wer ist VIS \u00e0 VIS IMMOBILIEN? VIS \u00e0 VIS IMMOBILIEN ist ein seit 1993 in Stuhr t\u00e4tiges Familienunternehmen. Unsere Arbeitsschwerpunkte sind Verkauf, Vermietung und Verwaltung von Wohnimmobilien. Wir sehen unsere Kunden als Partner und achten darauf, ausschlie\u00dflich Auftr\u00e4ge anzunehmen, die wir f\u00fcr realisierbar halten. Der Weg zum erfolgreichen Verkauf einer [&hellip;]<\/p>\n","protected":false},"author":1,"featured_media":0,"parent":0,"menu_order":0,"comment_status":"closed","ping_status":"closed","template":"","meta":{"jetpack_post_was_ever_published":false,"footnotes":""},"class_list":["post-37","page","type-page","status-publish","hentry"],"jetpack_sharing_enabled":false,"jetpack_shortlink":"https:\/\/wp.me\/P7SvtH-B","_links":{"self":[{"href":"https:\/\/www.visavis-immobilien.de\/index.php?rest_route=\/wp\/v2\/pages\/37","targetHints":{"allow":["GET"]}}],"collection":[{"href":"https:\/\/www.visavis-immobilien.de\/index.php?rest_route=\/wp\/v2\/pages"}],"about":[{"href":"https:\/\/www.visavis-immobilien.de\/index.php?rest_route=\/wp\/v2\/types\/page"}],"author":[{"embeddable":true,"href":"https:\/\/www.visavis-immobilien.de\/index.php?rest_route=\/wp\/v2\/users\/1"}],"replies":[{"embeddable":true,"href":"https:\/\/www.visavis-immobilien.de\/index.php?rest_route=%2Fwp%2Fv2%2Fcomments&post=37"}],"version-history":[{"count":11,"href":"https:\/\/www.visavis-immobilien.de\/index.php?rest_route=\/wp\/v2\/pages\/37\/revisions"}],"predecessor-version":[{"id":252,"href":"https:\/\/www.visavis-immobilien.de\/index.php?rest_route=\/wp\/v2\/pages\/37\/revisions\/252"}],"wp:attachment":[{"href":"https:\/\/www.visavis-immobilien.de\/index.php?rest_route=%2Fwp%2Fv2%2Fmedia&parent=37"}],"curies":[{"name":"wp","href":"https:\/\/api.w.org\/{rel}","templated":true}]}}